{"id":2473,"date":"2023-01-28T12:22:04","date_gmt":"2023-01-28T11:22:04","guid":{"rendered":"http:\/\/www.esonet.it\/?page_id=2473"},"modified":"2023-10-28T08:27:51","modified_gmt":"2023-10-28T06:27:51","slug":"progetto-esonet","status":"publish","type":"page","link":"https:\/\/www.esonet.it\/?page_id=2473","title":{"rendered":"Progetto Esonet"},"content":{"rendered":"\n<ol class=\"wp-block-list\">\n<li>Il Progetto Esonet ha lo <em>scopo<\/em> di fornire al ricercatore &#8220;sulla via del ritorno&#8221;, una comparazione dei linguaggi per orientarlo alla creazione di un ponte coscienziale che gli consenta di ricongiungere i due poli spirito-materia in s\u00e9, il proprio &#8220;cielo&#8221; alla propria &#8220;terra&#8221;. Il fine \u00e8 la crescita spirituale, intellettuale, etica dell&#8217;uomo: e per questo gli strumenti del pensiero sono sempre validi.<br><br><\/li>\n\n\n\n<li>Il <em>campo<\/em> di indagine insiste nell&#8217;alveo dell&#8217;esoterismo, e pi\u00f9 specificamente nell&#8217;esplorazione della via misteriosofica, una delle due principali vie d&#8217;approccio al sacro, oltre alla via mistica. Il Progetto Esonet si fa interprete di antiche metafore e simboli, ma \u00e8 anche promotore di idee nuove. Il \u201cnuovo\u201d non deve essere pensato come un taglio alle radici del pensiero esoterico, ma come un tentativo di ridefinire il linguaggio cognitivo e simbolico adatto alla cultura attuale.<br><br><\/li>\n\n\n\n<li>Connettendo in uno stesso <em>progetto<\/em> &#8220;operai&#8221; specializzati nei diversi linguaggi, al fine di offrire &#8220;il polso&#8221; della ricerca esoterica allo stato attuale, il Progetto Esonet \u00e8 una \u201ccittadella del sapere\u201d, dove ogni creativo pu\u00f2 esprimere liberamente se stesso e ci\u00f2 che conosce, per offrirlo a \u00abchi cerca risposte\u00bb.<br><br><\/li>\n<\/ol>\n\n\n\n<p class=\"has-text-align-center\">L&#8217;Albero della Vita<\/p>\n\n\n<div class=\"wp-block-image is-style-default\">\n<figure class=\"aligncenter size-full is-resized\"><img decoding=\"async\" src=\"data:image\/svg+xml,%3Csvg%20xmlns='http:\/\/www.w3.org\/2000\/svg'%20viewBox='0%200%20370%20247'%3E%3C\/svg%3E\" data-lazy-src=\"https:\/\/www.esonet.it\/wp-content\/uploads\/2023\/04\/The_tree_of_the_sephirot_min.jpg\" alt=\"\" class=\"zeen-lazy-load-base zeen-lazy-load wp-image-2951\" style=\"width:484px;height:744px\"\/><noscript><img decoding=\"async\" width=\"375\" height=\"577\" src=\"https:\/\/www.esonet.it\/wp-content\/uploads\/2023\/04\/The_tree_of_the_sephirot_min.jpg\" alt=\"\" class=\"wp-image-2951\" style=\"width:484px;height:744px\" srcset=\"https:\/\/www.esonet.it\/wp-content\/uploads\/2023\/04\/The_tree_of_the_sephirot_min.jpg 375w, https:\/\/www.esonet.it\/wp-content\/uploads\/2023\/04\/The_tree_of_the_sephirot_min-195x300.jpg 195w, https:\/\/www.esonet.it\/wp-content\/uploads\/2023\/04\/The_tree_of_the_sephirot_min-293x451.jpg 293w\" sizes=\"(max-width: 375px) 100vw, 375px\" \/><\/noscript><\/figure>\n<\/div>\n\n\n<ol class=\"wp-block-list\" start=\"4\">\n<li>Sul <em>modello<\/em> degli Insegnamenti riconosciuti dalla Comunit\u00e0 Esoterica, avvengono le comparazioni sulla bont\u00e0 e la coerenza degli scritti; questo consente di mantenere vivo il filo della Tradizione iniziatica testimoniata dall&#8217;Antica Saggezza. Consapevoli del significato simbolico dell&#8217;Albero della Conoscenza, metafora dello sviluppo intellettuale, e dell&#8217;Albero della Vita, allegoria della ricerca interiore, sappiamo che anche l&#8217;Iniziazione \u00e8 composta da due vie, una esteriore (la mente fisica) ed una interiore (la coscienza sottile) che salgono intrecciandosi senza unirsi, come il simbolo del Caduceo ermetico, se non alla fine nelle ali della \u00abSintesi iniziatica\u00bb.<br><br><\/li>\n\n\n\n<li>Attorno al nostro Albero vanno fiorendo molte \u00abBotteghe\u00bb in un sodalizio che ha il valore del pensiero di quanti col pensiero lavorano in ambito filosofico, scientifico, ritualistico, ermetico, simbolico, matematico, psicologico, alchemico, \u2026 per combattere il caos che si \u00e8 instaurato anche nella dimensione iniziatica. La <em>suddivisione<\/em> in Aree tematiche aiuta a riconoscere i linguaggi, mentre le Categorie consentono la comparazione tra gli stessi.<br><br><\/li>\n\n\n\n<li>Il sito rappresenta di per s\u00e9 la <em>comunione<\/em> dei linguaggi dove le caratterizzazioni, se lette con la mente sintetica (propriet\u00e0 del cuore), sono portatrici di una ricchezza e di una bellezza multicolore, proprie dei temperamenti umani, che invece diventano isole d&#8217;erudizione quando l&#8217;orgoglio intellettuale li separa per farli primeggiare nel mondo del Sapere dell&#8217;uomo. La convergenza di menti creative \u00e8 un evento insolito ma non casuale, visto che anche sui piani mentali vige la regola de \u00abil simile attrae il suo simile\u00bb.<br><br><\/li>\n\n\n\n<li>Il sito \u00e8 il medio che consente l&#8217;<em>esteriorizzazione<\/em> dei principi dell&#8217;Insegnamento, nella forma di un Albero dai molti fiori dei colori dell&#8217;arcobaleno, dal quale ogni lettore pu\u00f2 essere attratto per affinit\u00e0 di linguaggio, facendosi egli stesso vettore del polline che avr\u00e0 saputo cogliere nella sua visita. L&#8217;auspicato salto di qualit\u00e0 \u00e8 portare l&#8217;idea di esoterismo dall&#8217;ambito infantile del meraviglioso, alla dimensione iniziatica. Un percorso impossibile per chi crede ancora nelle scorciatoie miracolistiche e non sa che l&#8217;iniziazione consiste solo nel riconoscimento che il processo di trasformazione \u00e8 stato ultimato.<\/li>\n<\/ol>\n\n\n\n<p><\/p>\n\n\n\n<div style=\"height:50px\" aria-hidden=\"true\" class=\"wp-block-spacer\"><\/div>\n\n\n\n<p class=\"has-text-align-center\"><\/p>\n\n\n\n<h2 class=\"wp-block-heading\">Tributo ad un Amico<\/h2>\n\n\n\n<p><em>Saluto dedicato ad Athos A. Altomonte ideatore e fondatore del Progetto Esonet, in occasione della sua morte avvenuta il 29 Ottobre 2007.<\/em><\/p>\n\n\n\n<h2 class=\"wp-block-heading\"><\/h2>\n\n\n<div class=\"wp-block-image\">\n<figure class=\"alignright size-full is-resized\"><img decoding=\"async\" src=\"data:image\/svg+xml,%3Csvg%20xmlns='http:\/\/www.w3.org\/2000\/svg'%20viewBox='0%200%20370%20247'%3E%3C\/svg%3E\" data-lazy-src=\"https:\/\/www.esonet.it\/wp-content\/uploads\/2023\/04\/N.K.-Roerich-Sword-of-peace.jpeg\" alt=\"\" class=\"zeen-lazy-load-base zeen-lazy-load wp-image-4086\" style=\"width:158px;height:388px\"\/><noscript><img decoding=\"async\" width=\"369\" height=\"900\" src=\"https:\/\/www.esonet.it\/wp-content\/uploads\/2023\/04\/N.K.-Roerich-Sword-of-peace.jpeg\" alt=\"\" class=\"wp-image-4086\" style=\"width:158px;height:388px\" srcset=\"https:\/\/www.esonet.it\/wp-content\/uploads\/2023\/04\/N.K.-Roerich-Sword-of-peace.jpeg 369w, https:\/\/www.esonet.it\/wp-content\/uploads\/2023\/04\/N.K.-Roerich-Sword-of-peace-123x300.jpeg 123w, https:\/\/www.esonet.it\/wp-content\/uploads\/2023\/04\/N.K.-Roerich-Sword-of-peace-293x715.jpeg 293w\" sizes=\"(max-width: 369px) 100vw, 369px\" \/><\/noscript><figcaption class=\"wp-element-caption\">N.K. Roerich <br>Sword of Peace<\/figcaption><\/figure>\n<\/div>\n\n\n<p>Un grande vuoto si \u00e8 venuto a creare, nella vita di coloro che hanno avuto la fortuna di conoscere un uomo come Athos dal grande carisma.<\/p>\n\n\n\n<p>Non \u00e8 affatto semplice descrivere compiutamente questo uomo forte, dall&#8217;animo sensibilissimo, poich\u00e9 Athos non ha vissuto una sola vita ma tante insieme.<\/p>\n\n\n\n<p>\u00c8 stato un esempio di volont\u00e0 potente e di generosa abnegazione per affermare gli ideali che ha sempre incarnato, mai tradito e che hanno costituito il motore di ogni suo progetto ed azione.<\/p>\n\n\n\n<p>Per fortuna, tra molte virt\u00f9, ha avuto il dono di saper comunicare con grande potenza e scrivere con rara efficacia.<\/p>\n\n\n\n<p>Gli ultimi anni della sua vita li ha dedicati e spesi a questo Progetto, per creare quel luogo che da ragazzo sognava: un posto dove trovare delle risposte ai piccoli e grandi quesiti che si \u00e8 in grado di porsi, circa il misterioso mondo interiore della psiche e dell&#8217;anima.<\/p>\n\n\n\n<p>Con il suo lavoro senza sosta \u00e8 riuscito a conquistare quel mondo e a descriverne in tanti suoi lavori le caratteristiche.<\/p>\n\n\n\n<p>Continuare il suo Progetto sar\u00e0 il miglior modo per onorarne la memoria e il suo lavoro.<\/p>\n\n\n\n<p>Athos \u00e8 stato un Istruttore, unico nel suo modo d&#8217;insegnare, e in tutta la sua vita lo ha sempre fatto ai massimi livelli, nel suo amato paracadutismo, nelle arti marziali, nella Scienza Iniziatica.<\/p>\n\n\n\n<p>Egli \u00e8 stato un vero pioniere, un esploratore di ogni mondo che ha frequentato e il suo grande regalo \u00e8 di aver tracciato sempre sentieri da poter far percorrere a chi seguiva.<\/p>\n\n\n\n<p>Athos era l&#8217;archetipo del guerriero, che pi\u00f9 volte ha guardato la morte da vicino, sempre con grande rispetto e fierezza, e che ha superato con il suo temperamento inimitabile, una vita fatta di tanto dolore, come nel suo ultimo anno, cadendo e rialzandosi sempre pi\u00f9 forte.<\/p>\n\n\n\n<p>La morte infine si \u00e8 ripresentata ed il suo istinto di sopravvivenza lo ha tenuto ancora in vita incredibilmente. Siamo certi che sia andato via in piena consapevolezza e serenamente perch\u00e9 il grande demone della paura, lo aveva gi\u00e0 vinto da tempo.<\/p>\n\n\n\n<p>Un codice d&#8217;onore, proprio di un&#8217;antica disciplina interiore assai rara, ha regolato la sua vita in ogni azione ed assunzione di responsabilit\u00e0, anche a costo di grandi sofferenze. Tanto che le parole vilt\u00e0 e diserzione erano assenti dal suo vocabolario, e da lui biasimate.<\/p>\n\n\n\n<p>Sembra impensabile oggi, vedendo il grande tributo d&#8217;affetto e di partecipazione in suo onore, ma da tempo si sentiva solo e inadeguato in questo mondo, e con queste parole spieg\u00f2 il perch\u00e9:<\/p>\n\n\n\n<p>\u201cpi\u00f9 diventi armonico con il tuo mondo spirituale, pi\u00f9 si accentuano le disarmonie con il mondo esteriore\u201d.<\/p>\n\n\n\n<p>Un abbraccio fraterno, caro Athos, ora forse hai trovato un posto dove stare a tuo agio.<\/p>\n\n\n\n<p>Il mare, il tuo grande amore, ti accoglier\u00e0 ancora una volta.<\/p>\n\n\n\n<p>La Redazione di Esonet<\/p>\n\n\n\n<p><\/p>\n","protected":false},"excerpt":{"rendered":"<p>L&#8217;Albero della Vita Tributo ad un Amico Saluto dedicato ad Athos A. Altomonte ideatore e fondatore del Progetto Esonet, in occasione della sua morte avvenuta il 29 Ottobre 2007. Un grande vuoto si \u00e8 venuto a creare, nella vita di coloro che hanno avuto la fortuna di conoscere un uomo come Athos dal grande carisma. Non \u00e8 affatto semplice descrivere compiutamente questo uomo forte, dall&#8217;animo sensibilissimo, poich\u00e9 Athos non ha vissuto una sola vita ma tante insieme. \u00c8 stato un [&hellip;]<\/p>\n","protected":false},"author":1,"featured_media":0,"parent":0,"menu_order":0,"comment_status":"closed","ping_status":"closed","template":"","meta":{"footnotes":""},"class_list":["post-2473","page","type-page","status-publish","hentry"],"_links":{"self":[{"href":"https:\/\/www.esonet.it\/index.php?rest_route=\/wp\/v2\/pages\/2473","targetHints":{"allow":["GET"]}}],"collection":[{"href":"https:\/\/www.esonet.it\/index.php?rest_route=\/wp\/v2\/pages"}],"about":[{"href":"https:\/\/www.esonet.it\/index.php?rest_route=\/wp\/v2\/types\/page"}],"author":[{"embeddable":true,"href":"https:\/\/www.esonet.it\/index.php?rest_route=\/wp\/v2\/users\/1"}],"replies":[{"embeddable":true,"href":"https:\/\/www.esonet.it\/index.php?rest_route=%2Fwp%2Fv2%2Fcomments&post=2473"}],"version-history":[{"count":20,"href":"https:\/\/www.esonet.it\/index.php?rest_route=\/wp\/v2\/pages\/2473\/revisions"}],"predecessor-version":[{"id":10454,"href":"https:\/\/www.esonet.it\/index.php?rest_route=\/wp\/v2\/pages\/2473\/revisions\/10454"}],"wp:attachment":[{"href":"https:\/\/www.esonet.it\/index.php?rest_route=%2Fwp%2Fv2%2Fmedia&parent=2473"}],"curies":[{"name":"wp","href":"https:\/\/api.w.org\/{rel}","templated":true}]}}